{"id":6570,"date":"2022-03-30T10:10:33","date_gmt":"2022-03-30T08:10:33","guid":{"rendered":"https:\/\/zistersdorf.vinoq.at\/poptavka\/"},"modified":"2025-01-22T11:47:37","modified_gmt":"2025-01-22T10:47:37","slug":"poptaavka","status":"publish","type":"page","link":"https:\/\/zistersdorf.vinoq.at\/cs\/poptaavka\/","title":{"rendered":"Popt\u00e1vka"},"content":{"rendered":"\t\t<div data-elementor-type=\"wp-post\" data-elementor-id=\"6570\" class=\"elementor elementor-6570 elementor-3343\">\n\t\t\t\t\t\t<section class=\"elementor-section elementor-top-section elementor-element elementor-element-3988e58 wgl-add-background-text elementor-section-boxed elementor-section-height-default elementor-section-height-default wgl-animation-background-text\" data-id=\"3988e58\" data-element_type=\"section\" data-e-type=\"section\">\n\t\t\t\t\t\t<div class=\"elementor-container elementor-column-gap-default\">\n\t\t\t\t\t<div class=\"elementor-column elementor-col-100 elementor-top-column elementor-element elementor-element-8b9522f\" data-id=\"8b9522f\" data-element_type=\"column\" data-e-type=\"column\">\n\t\t\t<div class=\"elementor-widget-wrap elementor-element-populated\">\n\t\t\t\t\t\t<div class=\"elementor-element elementor-element-95541a4 elementor-widget elementor-widget-spacer\" data-id=\"95541a4\" data-element_type=\"widget\" data-e-type=\"widget\" data-widget_type=\"spacer.default\">\n\t\t\t\t<div class=\"elementor-widget-container\">\n\t\t\t\t\t\t\t<div class=\"elementor-spacer\">\n\t\t\t<div class=\"elementor-spacer-inner\"><\/div>\n\t\t<\/div>\n\t\t\t\t\t\t<\/div>\n\t\t\t\t<\/div>\n\t\t\t\t\t<\/div>\n\t\t<\/div>\n\t\t\t\t\t<\/div>\n\t\t<\/section>\n\t\t\t\t<section class=\"elementor-section elementor-top-section elementor-element elementor-element-e36d1cf elementor-section-boxed elementor-section-height-default elementor-section-height-default\" data-id=\"e36d1cf\" data-element_type=\"section\" data-e-type=\"section\" data-settings=\"{&quot;background_background&quot;:&quot;classic&quot;}\">\n\t\t\t\t\t\t<div class=\"elementor-container elementor-column-gap-default\">\n\t\t\t\t\t<div class=\"elementor-column elementor-col-100 elementor-top-column elementor-element elementor-element-3a6b21d\" data-id=\"3a6b21d\" data-element_type=\"column\" data-e-type=\"column\">\n\t\t\t<div class=\"elementor-widget-wrap elementor-element-populated\">\n\t\t\t\t\t\t<div class=\"elementor-element elementor-element-8303ab3 elementor-widget elementor-widget-spacer\" data-id=\"8303ab3\" data-element_type=\"widget\" data-e-type=\"widget\" data-widget_type=\"spacer.default\">\n\t\t\t\t<div class=\"elementor-widget-container\">\n\t\t\t\t\t\t\t<div class=\"elementor-spacer\">\n\t\t\t<div class=\"elementor-spacer-inner\"><\/div>\n\t\t<\/div>\n\t\t\t\t\t\t<\/div>\n\t\t\t\t<\/div>\n\t\t\t\t<div class=\"elementor-element elementor-element-ce42f11 elementor-widget elementor-widget-heading\" data-id=\"ce42f11\" data-element_type=\"widget\" data-e-type=\"widget\" data-widget_type=\"heading.default\">\n\t\t\t\t<div class=\"elementor-widget-container\">\n\t\t\t\t\t<h2 class=\"elementor-heading-title elementor-size-default\">T\u011b\u0161\u00ed n\u00e1s,<\/h2>\t\t\t\t<\/div>\n\t\t\t\t<\/div>\n\t\t\t\t<div class=\"elementor-element elementor-element-5acabfe elementor-widget elementor-widget-heading\" data-id=\"5acabfe\" data-element_type=\"widget\" data-e-type=\"widget\" data-widget_type=\"heading.default\">\n\t\t\t\t<div class=\"elementor-widget-container\">\n\t\t\t\t\t<h3 class=\"elementor-heading-title elementor-size-default\">\u017ee chcete p\u0159ijet v destinaci Zistersdorf<\/h3>\t\t\t\t<\/div>\n\t\t\t\t<\/div>\n\t\t\t\t<div class=\"elementor-element elementor-element-03a3d5a elementor-widget elementor-widget-spacer\" data-id=\"03a3d5a\" data-element_type=\"widget\" data-e-type=\"widget\" data-widget_type=\"spacer.default\">\n\t\t\t\t<div class=\"elementor-widget-container\">\n\t\t\t\t\t\t\t<div class=\"elementor-spacer\">\n\t\t\t<div class=\"elementor-spacer-inner\"><\/div>\n\t\t<\/div>\n\t\t\t\t\t\t<\/div>\n\t\t\t\t<\/div>\n\t\t\t\t<div class=\"elementor-element elementor-element-bc8bc2f elementor-widget elementor-widget-html\" data-id=\"bc8bc2f\" data-element_type=\"widget\" data-e-type=\"widget\" data-widget_type=\"html.default\">\n\t\t\t\t<div class=\"elementor-widget-container\">\n\t\t\t\t\t<div class=\"casa-wdg\" data-casa-widget-type=\"enquiry\" data-customer=\"cb3c1654-bba0-4adf-8b18-18131e381987\" data-company=\"COMP1\" data-language=\"cs\" data-redirect-url=\"https:\/\/zistersdorf.vinoq.at\/cs\/poptavka_dekujeme\/\" data-redirect=\"true\"> \n    <div style=\"min-height:50px;text-align:center;\"> \n        <img decoding=\"async\" src=\"https:\/\/frontend.casablanca.at\/Content\/loader.svg\" alt=\"loading...\" width=\"40\" height=\"40\" style=\"margin:auto;\">\n        <noscript>Your browser doesn't support JavaScript or it has been disabled. To use the enquiry form, please make sure that javascript is enabled.<\/noscript>\n    <\/div>\n<\/div>\t\t\t\t<\/div>\n\t\t\t\t<\/div>\n\t\t\t\t\t<\/div>\n\t\t<\/div>\n\t\t\t\t\t<\/div>\n\t\t<\/section>\n\t\t\t\t<section class=\"elementor-section elementor-top-section elementor-element elementor-element-878fe3f elementor-section-boxed elementor-section-height-default elementor-section-height-default\" data-id=\"878fe3f\" data-element_type=\"section\" data-e-type=\"section\">\n\t\t\t\t\t\t<div class=\"elementor-container elementor-column-gap-default\">\n\t\t\t\t\t<div class=\"elementor-column elementor-col-100 elementor-top-column elementor-element elementor-element-e7b1798\" data-id=\"e7b1798\" data-element_type=\"column\" data-e-type=\"column\">\n\t\t\t<div class=\"elementor-widget-wrap\">\n\t\t\t\t\t\t\t<\/div>\n\t\t<\/div>\n\t\t\t\t\t<\/div>\n\t\t<\/section>\n\t\t\t\t<section class=\"elementor-section elementor-top-section elementor-element elementor-element-51ee11f2 elementor-section-stretched elementor-section-boxed elementor-section-height-default elementor-section-height-default\" data-id=\"51ee11f2\" data-element_type=\"section\" data-e-type=\"section\" data-settings=\"{&quot;stretch_section&quot;:&quot;section-stretched&quot;,&quot;background_background&quot;:&quot;classic&quot;}\">\n\t\t\t\t\t\t<div class=\"elementor-container elementor-column-gap-default\">\n\t\t\t\t\t<div class=\"elementor-column elementor-col-100 elementor-top-column elementor-element elementor-element-1691f160\" data-id=\"1691f160\" data-element_type=\"column\" data-e-type=\"column\">\n\t\t\t<div class=\"elementor-widget-wrap elementor-element-populated\">\n\t\t\t\t\t\t<div class=\"elementor-element elementor-element-24b4332f elementor-widget elementor-widget-spacer\" data-id=\"24b4332f\" data-element_type=\"widget\" data-e-type=\"widget\" data-widget_type=\"spacer.default\">\n\t\t\t\t<div class=\"elementor-widget-container\">\n\t\t\t\t\t\t\t<div class=\"elementor-spacer\">\n\t\t\t<div class=\"elementor-spacer-inner\"><\/div>\n\t\t<\/div>\n\t\t\t\t\t\t<\/div>\n\t\t\t\t<\/div>\n\t\t\t\t<div class=\"elementor-element elementor-element-348c4f7c elementor-widget elementor-widget-spacer\" data-id=\"348c4f7c\" data-element_type=\"widget\" data-e-type=\"widget\" data-widget_type=\"spacer.default\">\n\t\t\t\t<div class=\"elementor-widget-container\">\n\t\t\t\t\t\t\t<div class=\"elementor-spacer\">\n\t\t\t<div class=\"elementor-spacer-inner\"><\/div>\n\t\t<\/div>\n\t\t\t\t\t\t<\/div>\n\t\t\t\t<\/div>\n\t\t\t\t\t<\/div>\n\t\t<\/div>\n\t\t\t\t\t<\/div>\n\t\t<\/section>\n\t\t\t\t<\/div>\n\t\t","protected":false},"excerpt":{"rendered":"<p>T\u011b\u0161\u00ed n\u00e1s, \u017ee chcete p\u0159ijet v destinaci Zistersdorf Your browser doesn&#8217;t support JavaScript or it has been disabled. To use the enquiry form, please make sure that javascript is enabled.<\/p>\n","protected":false},"author":1,"featured_media":0,"parent":0,"menu_order":0,"comment_status":"closed","ping_status":"closed","template":"","meta":{"footnotes":""},"class_list":["post-6570","page","type-page","status-publish","hentry"],"yoast_head":"<!-- This site is optimized with the Yoast SEO plugin v26.9 - https:\/\/yoast.com\/product\/yoast-seo-wordpress\/ -->\n<title>Popt\u00e1vka - Vino Q Hotel in Zistersdorf<\/title>\n<meta name=\"robots\" content=\"index, follow, max-snippet:-1, max-image-preview:large, max-video-preview:-1\" \/>\n<link rel=\"canonical\" href=\"https:\/\/zistersdorf.vinoq.at\/cs\/poptaavka\/\" \/>\n<meta property=\"og:locale\" content=\"cs_CZ\" \/>\n<meta property=\"og:type\" content=\"article\" \/>\n<meta property=\"og:title\" content=\"Popt\u00e1vka - Vino Q Hotel in Zistersdorf\" \/>\n<meta property=\"og:description\" content=\"T\u011b\u0161\u00ed n\u00e1s, \u017ee chcete p\u0159ijet v destinaci Zistersdorf Your browser doesn&#8217;t support JavaScript or it has been disabled. To use the enquiry form, please make sure that javascript is enabled.\" \/>\n<meta property=\"og:url\" content=\"https:\/\/zistersdorf.vinoq.at\/cs\/poptaavka\/\" \/>\n<meta property=\"og:site_name\" content=\"Vino Q Hotel\" \/>\n<meta property=\"article:modified_time\" content=\"2025-01-22T10:47:37+00:00\" \/>\n<meta property=\"og:image\" content=\"https:\/\/frontend.casablanca.at\/Content\/loader.svg\" \/>\n<meta name=\"twitter:card\" content=\"summary_large_image\" \/>\n<meta name=\"twitter:label1\" content=\"Odhadovan\u00e1 doba \u010dten\u00ed\" \/>\n\t<meta name=\"twitter:data1\" content=\"1 minuta\" \/>\n<script type=\"application\/ld+json\" class=\"yoast-schema-graph\">{\"@context\":\"https:\/\/schema.org\",\"@graph\":[{\"@type\":\"WebPage\",\"@id\":\"https:\/\/zistersdorf.vinoq.at\/cs\/poptaavka\/\",\"url\":\"https:\/\/zistersdorf.vinoq.at\/cs\/poptaavka\/\",\"name\":\"Popt\u00e1vka - Vino Q Hotel in Zistersdorf\",\"isPartOf\":{\"@id\":\"https:\/\/zistersdorf.vinoq.at\/#website\"},\"primaryImageOfPage\":{\"@id\":\"https:\/\/zistersdorf.vinoq.at\/cs\/poptaavka\/#primaryimage\"},\"image\":{\"@id\":\"https:\/\/zistersdorf.vinoq.at\/cs\/poptaavka\/#primaryimage\"},\"thumbnailUrl\":\"https:\/\/frontend.casablanca.at\/Content\/loader.svg\",\"datePublished\":\"2022-03-30T08:10:33+00:00\",\"dateModified\":\"2025-01-22T10:47:37+00:00\",\"breadcrumb\":{\"@id\":\"https:\/\/zistersdorf.vinoq.at\/cs\/poptaavka\/#breadcrumb\"},\"inLanguage\":\"cs\",\"potentialAction\":[{\"@type\":\"ReadAction\",\"target\":[\"https:\/\/zistersdorf.vinoq.at\/cs\/poptaavka\/\"]}]},{\"@type\":\"ImageObject\",\"inLanguage\":\"cs\",\"@id\":\"https:\/\/zistersdorf.vinoq.at\/cs\/poptaavka\/#primaryimage\",\"url\":\"https:\/\/frontend.casablanca.at\/Content\/loader.svg\",\"contentUrl\":\"https:\/\/frontend.casablanca.at\/Content\/loader.svg\"},{\"@type\":\"BreadcrumbList\",\"@id\":\"https:\/\/zistersdorf.vinoq.at\/cs\/poptaavka\/#breadcrumb\",\"itemListElement\":[{\"@type\":\"ListItem\",\"position\":1,\"name\":\"Startseite\",\"item\":\"https:\/\/zistersdorf.vinoq.at\/cs\/\"},{\"@type\":\"ListItem\",\"position\":2,\"name\":\"Popt\u00e1vka\"}]},{\"@type\":\"WebSite\",\"@id\":\"https:\/\/zistersdorf.vinoq.at\/#website\",\"url\":\"https:\/\/zistersdorf.vinoq.at\/\",\"name\":\"Vino Q Hotel in Zistersdorf\",\"description\":\"Das Self-Check-In Hotel im Weinviertel in Nieder\u00f6sterreich\",\"potentialAction\":[{\"@type\":\"SearchAction\",\"target\":{\"@type\":\"EntryPoint\",\"urlTemplate\":\"https:\/\/zistersdorf.vinoq.at\/?s={search_term_string}\"},\"query-input\":{\"@type\":\"PropertyValueSpecification\",\"valueRequired\":true,\"valueName\":\"search_term_string\"}}],\"inLanguage\":\"cs\"}]}<\/script>\n<!-- \/ Yoast SEO plugin. -->","yoast_head_json":{"title":"Popt\u00e1vka - Vino Q Hotel in Zistersdorf","robots":{"index":"index","follow":"follow","max-snippet":"max-snippet:-1","max-image-preview":"max-image-preview:large","max-video-preview":"max-video-preview:-1"},"canonical":"https:\/\/zistersdorf.vinoq.at\/cs\/poptaavka\/","og_locale":"cs_CZ","og_type":"article","og_title":"Popt\u00e1vka - Vino Q Hotel in Zistersdorf","og_description":"T\u011b\u0161\u00ed n\u00e1s, \u017ee chcete p\u0159ijet v destinaci Zistersdorf Your browser doesn&#8217;t support JavaScript or it has been disabled. To use the enquiry form, please make sure that javascript is enabled.","og_url":"https:\/\/zistersdorf.vinoq.at\/cs\/poptaavka\/","og_site_name":"Vino Q Hotel","article_modified_time":"2025-01-22T10:47:37+00:00","og_image":[{"url":"https:\/\/frontend.casablanca.at\/Content\/loader.svg","type":"","width":"","height":""}],"twitter_card":"summary_large_image","twitter_misc":{"Odhadovan\u00e1 doba \u010dten\u00ed":"1 minuta"},"schema":{"@context":"https:\/\/schema.org","@graph":[{"@type":"WebPage","@id":"https:\/\/zistersdorf.vinoq.at\/cs\/poptaavka\/","url":"https:\/\/zistersdorf.vinoq.at\/cs\/poptaavka\/","name":"Popt\u00e1vka - Vino Q Hotel in Zistersdorf","isPartOf":{"@id":"https:\/\/zistersdorf.vinoq.at\/#website"},"primaryImageOfPage":{"@id":"https:\/\/zistersdorf.vinoq.at\/cs\/poptaavka\/#primaryimage"},"image":{"@id":"https:\/\/zistersdorf.vinoq.at\/cs\/poptaavka\/#primaryimage"},"thumbnailUrl":"https:\/\/frontend.casablanca.at\/Content\/loader.svg","datePublished":"2022-03-30T08:10:33+00:00","dateModified":"2025-01-22T10:47:37+00:00","breadcrumb":{"@id":"https:\/\/zistersdorf.vinoq.at\/cs\/poptaavka\/#breadcrumb"},"inLanguage":"cs","potentialAction":[{"@type":"ReadAction","target":["https:\/\/zistersdorf.vinoq.at\/cs\/poptaavka\/"]}]},{"@type":"ImageObject","inLanguage":"cs","@id":"https:\/\/zistersdorf.vinoq.at\/cs\/poptaavka\/#primaryimage","url":"https:\/\/frontend.casablanca.at\/Content\/loader.svg","contentUrl":"https:\/\/frontend.casablanca.at\/Content\/loader.svg"},{"@type":"BreadcrumbList","@id":"https:\/\/zistersdorf.vinoq.at\/cs\/poptaavka\/#breadcrumb","itemListElement":[{"@type":"ListItem","position":1,"name":"Startseite","item":"https:\/\/zistersdorf.vinoq.at\/cs\/"},{"@type":"ListItem","position":2,"name":"Popt\u00e1vka"}]},{"@type":"WebSite","@id":"https:\/\/zistersdorf.vinoq.at\/#website","url":"https:\/\/zistersdorf.vinoq.at\/","name":"Vino Q Hotel in Zistersdorf","description":"Das Self-Check-In Hotel im Weinviertel in Nieder\u00f6sterreich","potentialAction":[{"@type":"SearchAction","target":{"@type":"EntryPoint","urlTemplate":"https:\/\/zistersdorf.vinoq.at\/?s={search_term_string}"},"query-input":{"@type":"PropertyValueSpecification","valueRequired":true,"valueName":"search_term_string"}}],"inLanguage":"cs"}]}},"_links":{"self":[{"href":"https:\/\/zistersdorf.vinoq.at\/cs\/wp-json\/wp\/v2\/pages\/6570","targetHints":{"allow":["GET"]}}],"collection":[{"href":"https:\/\/zistersdorf.vinoq.at\/cs\/wp-json\/wp\/v2\/pages"}],"about":[{"href":"https:\/\/zistersdorf.vinoq.at\/cs\/wp-json\/wp\/v2\/types\/page"}],"author":[{"embeddable":true,"href":"https:\/\/zistersdorf.vinoq.at\/cs\/wp-json\/wp\/v2\/users\/1"}],"replies":[{"embeddable":true,"href":"https:\/\/zistersdorf.vinoq.at\/cs\/wp-json\/wp\/v2\/comments?post=6570"}],"version-history":[{"count":12,"href":"https:\/\/zistersdorf.vinoq.at\/cs\/wp-json\/wp\/v2\/pages\/6570\/revisions"}],"predecessor-version":[{"id":8258,"href":"https:\/\/zistersdorf.vinoq.at\/cs\/wp-json\/wp\/v2\/pages\/6570\/revisions\/8258"}],"wp:attachment":[{"href":"https:\/\/zistersdorf.vinoq.at\/cs\/wp-json\/wp\/v2\/media?parent=6570"}],"curies":[{"name":"wp","href":"https:\/\/api.w.org\/{rel}","templated":true}]}}